{"id":42,"date":"2022-07-26T13:27:08","date_gmt":"2022-07-26T11:27:08","guid":{"rendered":"https:\/\/wp.kista.pl\/?post_type=product&#038;p=42"},"modified":"2024-03-28T20:06:56","modified_gmt":"2024-03-28T19:06:56","slug":"kamien-gua-sha-z-opalitu-alaya-stone","status":"publish","type":"product","link":"https:\/\/wp.kista.pl\/index.php\/produkt\/kamien-gua-sha-z-opalitu-alaya-stone\/","title":{"rendered":"Kamie\u0144 gua sha z opalitu Alaya Stone"},"content":{"rendered":"<p>Mleczko-niebieski kamie\u0144 gua sha zosta\u0142 stworzony z my\u015bl\u0105 o kompleksowym treningu mi\u0119\u015bni twarzy, redukcji opuchlizny oraz pobudzaniu kr\u0105\u017cenia w g\u00f3rnych partiach cia\u0142a. Dzi\u0119ki swojej specjalnej konstrukcji ka\u017cda kraw\u0119d\u017a kamienia umo\u017cliwia delikatne masowanie, wspieraj\u0105c praktyk\u0119 gua sha jako tradycyjnej techniki masa\u017cu. To narz\u0119dzie nie tylko dzia\u0142a na sk\u00f3r\u0119, ale tak\u017ce pozytywnie wp\u0142ywa na wewn\u0119trzne emocje, r\u00f3wnowa\u017c\u0105c je dzi\u0119ki swojej estetyce i ukrytej sile.<\/p>\n<p>Regularne stosowanie tego narz\u0119dzia pozwala uwolni\u0107 napi\u0119cie z mi\u0119\u015bni, piel\u0119gnuje powi\u0119\u017a, zapewnia zdrowy wygl\u0105d oraz pozytywne samopoczucie, co przek\u0142ada si\u0119 na stabilno\u015b\u0107 emocjonaln\u0105.<\/p>\n<p><strong>Dzia\u0142anie:<br \/>\n<\/strong>* zwi\u0119ksza elastyczno\u015b\u0107 sk\u00f3ry<strong><br \/>\n<\/strong>* zmniejsza zastoje limfatyczne<strong><br \/>\n<\/strong>* lecznicze dzia\u0142anie na cia\u0142o wewn\u0119trzne<strong><br \/>\n<\/strong>* zapewnia twarzy naturalny lifting<strong><br \/>\n<\/strong>* wspomaga absorpcj\u0119 sk\u0142adnik\u00f3w aktywnych<br \/>\n* zmniejsza stany zapalne<br \/>\n* nawodniona i rozlu\u017aniona sk\u00f3ra<br \/>\n* poprawia owal twarzy<\/p>\n<p><strong>kamie\u0144: <\/strong>korony<br \/>\n<strong>kolor: <\/strong>bezbarwny opal z l\u015bni\u0105c\u0105 po\u015bwiat\u0105<br \/>\n<strong>znak zodiaku: <\/strong>Baran, Rak, Skorpion, Wodnik, Strzelec, Kozioro\u017cec<br \/>\n<strong>wymiary masa\u017cera:<\/strong> 8,5 cm wysoko\u015bci na 5,5 cm szeroko\u015bci<br \/>\n<strong>waga:<\/strong> 53 gram<\/p>\n<p><strong>Spos\u00f3b u\u017cycia<\/strong><br \/>\nWykonaj masa\u017c na oczyszczonej i stonizowanej twarzy, na\u0142\u00f3\u017c ulubiony olejek przeznaczony do Twojego typu sk\u00f3ry, nast\u0119pnie wykonaj masa\u017c zaczynaj\u0105c od wn\u0119trza twarzy kieruj\u0105c si\u0119 do zewn\u0119trznej cz\u0119\u015bci, kamie\u0144 umie\u015b\u0107 pod k\u0105tem 15 stopni, czo\u0142o mo\u017cesz masowa\u0107 od \u015brodka do zewn\u0105trz oraz od brwi do linii w\u0142os\u00f3w, szyj\u0119 natomiast masuj z g\u00f3ry na d\u00f3\u0142. Cz\u0119\u015bci\u0105 wystaj\u0105c\u0105 masuj lini\u0119 \u017cuchwy, d\u0142ugich bok\u00f3w u\u017cywaj do czo\u0142a, policzk\u00f3w, szyj\u0119, ko\u0144c\u00f3wk\u0105 gua sha pocieraj miejsce pod okiem lub mi\u0119dzy brwiami dla rozlu\u017anienia. Dla d\u0142ugotrwa\u0142ych rezultat\u00f3w rytua\u0142 wykonuj 2-3 razy w tygodniu, maksymalnie raz dziennie. <strong>Do zam\u00f3wienia otrzymasz instrukcj\u0119 obs\u0142ugi z kt\u00f3rej zawsze mo\u017cesz korzysta\u0107.<\/strong> Dodatkowe ukojenie uzyskasz podczas masa\u017cu zimnym kamieniem, aby to osi\u0105gn\u0105\u0107 w\u0142\u00f3\u017c masa\u017cer do lod\u00f3wki lub zawsze trzymaj go w ch\u0142odnym miejscu, nie b\u0119dziesz musia\u0142a pami\u0119ta\u0107 o sch\u0142odzeniu kamienia gua sha gdy zapragniesz go u\u017cy\u0107. Pami\u0119taj aby dba\u0107 o higien\u0119. Po piel\u0119gnacji przemyj masa\u017cer wilgotn\u0105 \u015bciereczkom, a nast\u0119pnie delikatnie przetrzyj do sucha.<br \/>\n<strong>Przechowywanie<\/strong><br \/>\nZaleca si\u0119 przechowywanie masa\u017cera w do\u0142\u0105czonym woreczku w ciemnym miejscu lub w lod\u00f3wce dla spot\u0119gowania dzia\u0142ania ch\u0142odu.<br \/>\n<strong>Dodatkowe informacje<br \/>\n<\/strong>Do produkcji masa\u017cera u\u017cyty zosta\u0142 naturalny materia\u0142 dlatego kolory mog\u0105 si\u0119 r\u00f3\u017cni\u0107, nie wp\u0142ywa to na jako\u015b.<\/p>\n","protected":false},"excerpt":{"rendered":"<p><strong>Opalit &#8211; pomaga wyra\u017ca\u0107 uczucia<br \/>\n<\/strong>&#8211; technika masa\u017cu gua sha wywodz\u0105ca si\u0119 z Chin polega na pocieraniu sk\u00f3ry odpowiednio wyprofilowanym narz\u0119dziem<br \/>\n&#8211;\u00a0 ka\u017cda kraw\u0119d\u017a mo\u017ce by\u0107 wykorzystana do masa\u017cu<br \/>\n&#8211; kamie\u0144 gua sha zdobiony logo w kolorze z\u0142otym<br \/>\n\u2013 do masa\u017cera Alaya Stone do\u0142\u0105czony zostanie elegancji woreczek<br \/>\n\u2013 wi\u0119cej informacji jak wykorzysta\u0107 nasz masa\u017cer do twarzy znajdziesz na Instagramie Alaya Stone<\/p>\n","protected":false},"featured_media":0,"comment_status":"open","ping_status":"closed","template":"","meta":[],"class_list":["post-42","product","type-product","status-publish","hentry","product_cat-gua-sha","product_tag-gua-sha","product_tag-kamien-gua-sha","product_tag-lifting-twarzy","product_tag-masazer","product_tag-masazer-do-twarzy","product_tag-opal"],"_links":{"self":[{"href":"https:\/\/wp.kista.pl\/index.php\/wp-json\/wp\/v2\/product\/42","targetHints":{"allow":["GET"]}}],"collection":[{"href":"https:\/\/wp.kista.pl\/index.php\/wp-json\/wp\/v2\/product"}],"about":[{"href":"https:\/\/wp.kista.pl\/index.php\/wp-json\/wp\/v2\/types\/product"}],"replies":[{"embeddable":true,"href":"https:\/\/wp.kista.pl\/index.php\/wp-json\/wp\/v2\/comments?post=42"}],"wp:attachment":[{"href":"https:\/\/wp.kista.pl\/index.php\/wp-json\/wp\/v2\/media?parent=42"}],"curies":[{"name":"wp","href":"https:\/\/api.w.org\/{rel}","templated":true}]}}