{"id":40,"date":"2022-07-26T13:31:56","date_gmt":"2022-07-26T11:31:56","guid":{"rendered":"https:\/\/wp.kista.pl\/?post_type=product&#038;p=40"},"modified":"2024-03-28T19:43:43","modified_gmt":"2024-03-28T18:43:43","slug":"kamien-gua-sha-z-czarnego-obsydianu-alaya-stone","status":"publish","type":"product","link":"https:\/\/wp.kista.pl\/index.php\/produkt\/kamien-gua-sha-z-czarnego-obsydianu-alaya-stone\/","title":{"rendered":"Kamie\u0144 gua sha z czarnego obsydianu Alaya Stone"},"content":{"rendered":"<div class=\"flex flex-grow flex-col max-w-full\">\n<div class=\"min-h-[20px] text-message flex flex-col items-start gap-3 whitespace-pre-wrap break-words [.text-message+&amp;]:mt-5 overflow-x-auto\" data-message-author-role=\"assistant\" data-message-id=\"c9fb8e83-d4a5-4bd2-bc90-11223c1e2a02\">\n<div class=\"markdown prose w-full break-words dark:prose-invert dark\">\n<p>Kamie\u0144 gua sha zosta\u0142 specjalnie zaprojektowany, aby poprzez masa\u017c stymulowa\u0107 mi\u0119\u015bnie twarzy, redukowa\u0107 opuchlizn\u0119 i poprawi\u0107 cyrkulacj\u0119 krwi w g\u00f3rnych partiach cia\u0142a, jednocze\u015bnie zapewniaj\u0105c uczucie rozlu\u017anienia. Wykonany z czarnego obsydianu, ten kamie\u0144 nie tylko u\u0142atwia przep\u0142yw pozytywnej energii podczas terapii kryszta\u0142ami, ale r\u00f3wnie\u017c chroni przed negatywnymi my\u015blami i z\u0142ymi wibracjami.<\/p>\n<p>Dzi\u0119ki naturalnemu ciep\u0142u czarnego obsydianu, masa\u017c przy u\u017cyciu tego kamienia pomaga w udro\u017cnieniu przep\u0142ywu limfy, co szczeg\u00f3lnie przydatne mo\u017ce by\u0107 w przypadku porannej opuchlizny. Wystarczy, \u017ce ogrzejesz go w d\u0142oniach, przekazuj\u0105c mu swoj\u0105 energi\u0119. Nawet kr\u00f3tki, dwuminutowy masa\u017c za pomoc\u0105 metody pocierania pozwoli zauwa\u017cy\u0107 efekt uj\u0119drnienia i wykonturowania. Kluczowa jest jednak regularno\u015b\u0107 w praktykowaniu tej techniki.<\/p>\n<\/div>\n<\/div>\n<\/div>\n<p><strong>Dzia\u0142anie:<br \/>\n<\/strong>* zwi\u0119ksza elastyczno\u015b\u0107 sk\u00f3ry<strong><br \/>\n<\/strong>* zmniejsza zastoje limfatyczne<strong><br \/>\n<\/strong>* lecznicze dzia\u0142anie na cia\u0142o wewn\u0119trzne<strong><br \/>\n<\/strong>* zapewnia twarzy naturalny lifting<strong><br \/>\n<\/strong>* wspomaga absorpcj\u0119 sk\u0142adnik\u00f3w aktywnych<br \/>\n* zmniejsza stany zapalne<br \/>\n* nawodniona i rozlu\u017aniona sk\u00f3ra<br \/>\n* poprawia owal twarzy<\/p>\n<p><strong>kamie\u0144:<\/strong> podstawy<br \/>\n<strong>kolor:<\/strong> czarny obsydian<br \/>\n<strong>znak zodiaku: <\/strong>skorpion, kozioro\u017cec<br \/>\n<strong>wymiary masa\u017cera:<\/strong> 8,5 cm wysoko\u015bci na 5,5 cm szeroko\u015bci<br \/>\n<strong>waga:<\/strong> 53 gram<\/p>\n<p><strong>Spos\u00f3b u\u017cycia<\/strong><br \/>\nWykonaj masa\u017c na oczyszczonej i stonizowanej twarzy, na\u0142\u00f3\u017c ulubiony olejek przeznaczony do Twojego typu sk\u00f3ry, nast\u0119pnie wykonaj masa\u017c zaczynaj\u0105c od wn\u0119trza twarzy kieruj\u0105c si\u0119 do zewn\u0119trznej cz\u0119\u015bci, kamie\u0144 umie\u015b\u0107 pod k\u0105tem 15 stopni, czo\u0142o mo\u017cesz masowa\u0107 od \u015brodka do zewn\u0105trz oraz od brwi do linii w\u0142os\u00f3w, szyj\u0119 natomiast masuj z g\u00f3ry na d\u00f3\u0142. Cz\u0119\u015bci\u0105 wystaj\u0105c\u0105 masuj lini\u0119 \u017cuchwy, d\u0142ugich bok\u00f3w u\u017cywaj do czo\u0142a, policzk\u00f3w, szyj\u0119, ko\u0144c\u00f3wk\u0105 gua sha pocieraj miejsce pod okiem lub mi\u0119dzy brwiami dla rozlu\u017anienia. Dla d\u0142ugotrwa\u0142ych rezultat\u00f3w rytua\u0142 wykonuj 2-3 razy w tygodniu, maksymalnie raz dziennie. <strong>Do zam\u00f3wienia otrzymasz instrukcj\u0119 obs\u0142ugi z kt\u00f3rej zawsze mo\u017cesz korzysta\u0107.<\/strong> Dodatkowe ukojenie uzyskasz podczas masa\u017cu zimnym kamieniem, aby to osi\u0105gn\u0105\u0107 w\u0142\u00f3\u017c masa\u017cer do lod\u00f3wki lub zawsze trzymaj go w ch\u0142odnym miejscu, nie b\u0119dziesz musia\u0142a pami\u0119ta\u0107 o sch\u0142odzeniu kamienia gua sha gdy zapragniesz go u\u017cy\u0107. Pami\u0119taj aby dba\u0107 o higien\u0119. Po piel\u0119gnacji przemyj masa\u017cer wilgotn\u0105 \u015bciereczkom, a nast\u0119pnie delikatnie przetrzyj do sucha.<br \/>\n<strong>Przechowywanie<\/strong><br \/>\nZaleca si\u0119 przechowywanie masa\u017cera w do\u0142\u0105czonym woreczku w ciemnym miejscu lub w lod\u00f3wce dla spot\u0119gowania dzia\u0142ania ch\u0142odu.<br \/>\n<strong>Dodatkowe informacje<br \/>\n<\/strong>Do produkcji masa\u017cera u\u017cyty zosta\u0142 naturalny materia\u0142 dlatego kolory mog\u0105 si\u0119 r\u00f3\u017cni\u0107, nie wp\u0142ywa to na jako\u015b.<\/p>\n","protected":false},"excerpt":{"rendered":"<p><strong>Czarny obsydian &#8211; w\u0142adca energii wody, ognia i ziemi<br \/>\n<\/strong>&#8211; technika masa\u017cu gua sha wywodz\u0105ca si\u0119 z Chin polega na pocieraniu sk\u00f3ry odpowiednio wyprofilowanym narz\u0119dziem<br \/>\n&#8211;\u00a0 ka\u017cda kraw\u0119d\u017a mo\u017ce by\u0107 wykorzystana do masa\u017cu<br \/>\n&#8211; masa\u017cer wykonany zosta\u0142 z naturalnego kamienia o nietuzinkowym kolorze a nast\u0119pnie obrobiony r\u0119cznie<br \/>\n&#8211; kamie\u0144 gua sha zdobiony logo w kolorze z\u0142otym<br \/>\n\u2013 do masa\u017cera Alaya Stone do\u0142\u0105czony zostanie elegancji woreczek<br \/>\n\u2013 wi\u0119cej informacji jak wykorzysta\u0107 nasz masa\u017cer do twarzy znajdziesz na Instagramie Alaya Stone<\/p>\n","protected":false},"featured_media":0,"comment_status":"open","ping_status":"closed","template":"","meta":[],"class_list":["post-40","product","type-product","status-publish","hentry","product_cat-gua-sha","product_tag-czarny-obsydian","product_tag-gua-sha","product_tag-kamien","product_tag-kamien-gua-sha","product_tag-lifting-twarzy","product_tag-masazer","product_tag-masazer-do-twarzy","product_tag-masazer-obsydian","product_tag-obsydian"],"_links":{"self":[{"href":"https:\/\/wp.kista.pl\/index.php\/wp-json\/wp\/v2\/product\/40","targetHints":{"allow":["GET"]}}],"collection":[{"href":"https:\/\/wp.kista.pl\/index.php\/wp-json\/wp\/v2\/product"}],"about":[{"href":"https:\/\/wp.kista.pl\/index.php\/wp-json\/wp\/v2\/types\/product"}],"replies":[{"embeddable":true,"href":"https:\/\/wp.kista.pl\/index.php\/wp-json\/wp\/v2\/comments?post=40"}],"wp:attachment":[{"href":"https:\/\/wp.kista.pl\/index.php\/wp-json\/wp\/v2\/media?parent=40"}],"curies":[{"name":"wp","href":"https:\/\/api.w.org\/{rel}","templated":true}]}}