{"id":35,"date":"2021-11-21T12:17:15","date_gmt":"2021-11-21T11:17:15","guid":{"rendered":"https:\/\/wp.kista.pl\/?post_type=product&#038;p=35"},"modified":"2021-11-21T12:24:33","modified_gmt":"2021-11-21T11:24:33","slug":"roller-z-wypustkami-z-kwarcu-rozowego-alaya-stone","status":"publish","type":"product","link":"https:\/\/wp.kista.pl\/index.php\/produkt\/roller-z-wypustkami-z-kwarcu-rozowego-alaya-stone\/","title":{"rendered":"Roller z wypustkami z kwarcu r\u00f3\u017cowego Alaya Stone"},"content":{"rendered":"<p>Kwarc r\u00f3\u017cowy to jeden z najwa\u017cniejszych kamieni. Mimo, \u017ce przypisany do kilku znak\u00f3w zodiaku to przeznaczony dla ka\u017cdego kto pragnie nauczy\u0107 si\u0119 mi\u0142o\u015bci w\u0142asnej a tak\u017ce dla tych kt\u00f3rzy chc\u0105 j\u0105 utrzyma\u0107 w r\u00f3wnowadze. Ten wyj\u0105tkowy masa\u017cer do twarzy z\u0142o\u017cony jest z dw\u00f3ch wi\u0119kszych wa\u0142eczk\u00f3w z kt\u00f3rych jeden posiada dodatkowe wypustki dla spot\u0119gowania uczucia rozlu\u017anienia. Dzi\u0119ki nim wykonasz mocniejszy masa\u017c czo\u0142a, rozmasujesz lwi\u0105 zmarszczk\u0119 oraz zniwelujesz nagromadzony stres w mi\u0119\u015bniach. Pi\u0119kno r\u00f3\u017cowej mandali wzmacnia uczucie rado\u015bci po\u015bwi\u0119conego czasu dla siebie. Pozytywne odczucia zwi\u0105zane z u\u017cywaniem r\u00f3\u017cowego kwarcu wp\u0142yn\u0105 nie tylko na zewn\u0119trzne pi\u0119kno ale i przynios\u0105 wewn\u0119trzne korzy\u015bci.<\/p>\n<p><strong>Dzia\u0142anie:<br \/>\n<\/strong>* zwi\u0119ksza elastyczno\u015b\u0107 sk\u00f3ry<strong><br \/>\n<\/strong>* poprawia kr\u0105\u017cenie krwi<strong><br \/>\n<\/strong>* rozlu\u017ania spi\u0119te mi\u0119\u015bnie czo\u0142a<strong><br \/>\n<\/strong>* sp\u0142yca zmarszczki<strong><br \/>\n<\/strong>* wspomaga wnikanie sk\u0142adnik\u00f3w aktywnych z kosmetyk\u00f3w<br \/>\n* zmniejsza stany zapalne<br \/>\n* minimalizuje rozszerzone pory<br \/>\n* relaksuje<\/p>\n<p><strong>kamie\u0144:<\/strong> serca<br \/>\n<strong>kolor:<\/strong> r\u00f3\u017cowy kwarc<br \/>\n<strong>znak zodiaku:<\/strong> Byk, Kozioro\u017cec, Waga<br \/>\n<strong>wymiary masa\u017cera:<\/strong> 15,5 cm wysoko\u015bci na 5,5 cm szeroko\u015bci<br \/>\n<strong>waga:<\/strong> 250 gram<\/p>\n<p><strong>Spos\u00f3b u\u017cycia<\/strong><br \/>\nMasa\u017c mo\u017cesz wykona\u0107 na oczyszczonej twarzy lub na\u0142o\u017cy\u0107 ulubiony olejek b\u0105d\u017a mask\u0119 w p\u0142achcie, nast\u0119pnie wykonaj masa\u017c zaczynaj\u0105c od wn\u0119trza twarzy kieruj\u0105c si\u0119 do zewn\u0119trznej cz\u0119\u015bci, czo\u0142o mo\u017cesz masowa\u0107 od \u015brodka do zewn\u0105trz natomiast szyje z g\u00f3ry na d\u00f3\u0142. Do zam\u00f3wienia otrzymasz instrukcj\u0119 obs\u0142ugi z kt\u00f3rej zawsze mo\u017cesz korzysta\u0107. Dodatkowe ukojenie uzyskasz podczas masa\u017cu zimnym kamieniem, aby to osi\u0105gn\u0105\u0107 w\u0142\u00f3\u017c masa\u017cer do lod\u00f3wki lub zawsze trzymaj go w ch\u0142odnym miejscu, nie b\u0119dziesz musia\u0142a pami\u0119ta\u0107 o sch\u0142odzeniu rollera gdy zapragniesz go u\u017cy\u0107. Pami\u0119taj aby dba\u0107 o higien\u0119 swojego masa\u017cera. Po piel\u0119gnacji przemyj masa\u017cer wilgotn\u0105 \u015bciereczkom, a nast\u0119pnie przetrzyj do sucha.<br \/>\n<strong>Przechowywanie<\/strong><br \/>\nZaleca si\u0119 przechowywanie masa\u017cera w do\u0142\u0105czonym woreczku w ciemnym miejscu lub w lod\u00f3wce dla spot\u0119gowania dzia\u0142ania ch\u0142odu.<br \/>\n<strong>Dodatkowe informacje<br \/>\n<\/strong>Do produkcji masa\u017cera u\u017cyty zosta\u0142 naturalny materia\u0142 dlatego kolory mog\u0105 si\u0119 r\u00f3\u017cni\u0107, nie wp\u0142ywa to na jako\u015b\u0107.<\/p>\n","protected":false},"excerpt":{"rendered":"<p><strong>Kwarc r\u00f3\u017cowy &#8211; kamie\u0144 mi\u0142o\u015bci<\/strong><br \/>\n&#8211; podw\u00f3jna ko\u0144c\u00f3wka z\u0142o\u017cona z du\u017cych masa\u017cer\u00f3w<br \/>\n&#8211; jeden wa\u0142eczek posiada wypustki<br \/>\n&#8211; masa\u017cer wykonany zosta\u0142\u00a0 z naturalnego kamienia a nast\u0119pnie obrobiony r\u0119cznie<br \/>\n&#8211; przyjemnie zaokr\u0105glona r\u0105czka idealnie le\u017cy w d\u0142oni<br \/>\n&#8211; roller zako\u0144czony miedzianymi ko\u0144c\u00f3wkami w kolorze r\u00f3\u017cowego z\u0142ota<br \/>\n&#8211; do masa\u017cera Alaya Stone do\u0142\u0105czony zostanie elegancji woreczek oraz instrukcj\u0119 obs\u0142ugi<br \/>\n&#8211; wi\u0119cej informacji jak wykorzysta\u0107 nasz masa\u017cer do twarzy znajdziesz na Instagramie Alaya Stone<\/p>\n","protected":false},"featured_media":0,"comment_status":"open","ping_status":"closed","template":"","meta":[],"class_list":["post-35","product","type-product","status-publish","hentry","product_cat-masazery-do-twarzy","product_tag-masaz-twarzy","product_tag-masazer","product_tag-masazer-do-twarzy","product_tag-roller","product_tag-rozowy-kwarc","product_tag-waleczek","product_tag-waleczek-do-masazu"],"_links":{"self":[{"href":"https:\/\/wp.kista.pl\/index.php\/wp-json\/wp\/v2\/product\/35","targetHints":{"allow":["GET"]}}],"collection":[{"href":"https:\/\/wp.kista.pl\/index.php\/wp-json\/wp\/v2\/product"}],"about":[{"href":"https:\/\/wp.kista.pl\/index.php\/wp-json\/wp\/v2\/types\/product"}],"replies":[{"embeddable":true,"href":"https:\/\/wp.kista.pl\/index.php\/wp-json\/wp\/v2\/comments?post=35"}],"wp:attachment":[{"href":"https:\/\/wp.kista.pl\/index.php\/wp-json\/wp\/v2\/media?parent=35"}],"curies":[{"name":"wp","href":"https:\/\/api.w.org\/{rel}","templated":true}]}}