{"id":33,"date":"2021-10-18T13:59:24","date_gmt":"2021-10-18T11:59:24","guid":{"rendered":"https:\/\/wp.kista.pl\/?post_type=product&#038;p=33"},"modified":"2021-10-18T13:59:26","modified_gmt":"2021-10-18T11:59:26","slug":"roller-z-sodalitu-alaya-stone","status":"publish","type":"product","link":"https:\/\/wp.kista.pl\/index.php\/produkt\/roller-z-sodalitu-alaya-stone\/","title":{"rendered":"Roller z sodalitu Alaya Stone"},"content":{"rendered":"<p>Sodalit pot\u0119guje nasze opanowanie. Jego wibracje sprzyjaj\u0105 gdy buzuj\u0105 w nas nerwy. Przemyj twarz, we\u017a kilka g\u0142\u0119bokich wdech\u00f3w i rozpocznij masa\u017c twarzy. Wzrokiem pod\u0105\u017caj za tym hipnotyzuj\u0105cym minera\u0142em, odczucia wzrokowe i relaksacyjne przywr\u00f3c\u0105 r\u00f3wnowag\u0119. Sodalit jest kamieniem czakry gard\u0142a st\u0105d jego niebieski kolor i szczeg\u00f3lne predyspozycje do masa\u017cu szyi. Wykonuj\u0105c masa\u017c szyi omijaj tarczyc\u0119 a sw\u00f3j ruch kieruj z g\u00f3ry na d\u00f3\u0142, tak aby wskaza\u0107 limfie w kt\u00f3rym kierunku ma odp\u0142ywa\u0107.<\/p>\n<p><strong>Dzia\u0142anie:<br \/>\n<\/strong>* zwi\u0119ksza elastyczno\u015b\u0107 sk\u00f3ry<strong><br \/>\n<\/strong>* poprawia kr\u0105\u017cenie krwi<strong><br \/>\n<\/strong>* minimalizuje cienie pod oczami<strong><br \/>\n<\/strong>* sp\u0142yca zmarszczki<strong><br \/>\n<\/strong>* wspomaga wnikanie sk\u0142adnik\u00f3w aktywnych z kosmetyk\u00f3w<br \/>\n* zmniejsza stany zapalne<br \/>\n* minimalizuje rozszerzone pory<br \/>\n* relaksuje<\/p>\n<p><strong>kamie\u0144: <\/strong>gard\u0142a i trzeciego oka<br \/>\n<strong>kolor: <\/strong>niebieski z bia\u0142ym<br \/>\n<strong>znak zodiaku: <\/strong>Strzelec, Panna<br \/>\n<strong>wymiary masa\u017cera:<\/strong> 15,5 cm wysoko\u015bci na 5,5 cm szeroko\u015bci<br \/>\n<strong>waga:<\/strong> 250 gram<\/p>\n<p><strong>Spos\u00f3b u\u017cycia<\/strong><br \/>\nMasa\u017c mo\u017cesz wykona\u0107 na oczyszczonej twarzy lub na\u0142o\u017cy\u0107 ulubiony olejek b\u0105d\u017a mask\u0119 w p\u0142achcie, nast\u0119pnie wykonaj masa\u017c zaczynaj\u0105c od wn\u0119trza twarzy kieruj\u0105c si\u0119 do zewn\u0119trznej cz\u0119\u015bci, czo\u0142o mo\u017cesz masowa\u0107 od \u015brodka do zewn\u0105trz natomiast szyje z g\u00f3ry na d\u00f3\u0142. Do zam\u00f3wienia otrzymasz instrukcj\u0119 obs\u0142ugi z kt\u00f3rej zawsze mo\u017cesz korzysta\u0107. Dodatkowe ukojenie uzyskasz podczas masa\u017cu zimnym kamieniem, aby to osi\u0105gn\u0105\u0107 w\u0142\u00f3\u017c masa\u017cer do lod\u00f3wki lub zawsze trzymaj go w ch\u0142odnym miejscu, nie b\u0119dziesz musia\u0142a pami\u0119ta\u0107 o sch\u0142odzeniu rollera gdy zapragniesz go u\u017cy\u0107. Pami\u0119taj aby dba\u0107 o higien\u0119 swojego masa\u017cera. Po piel\u0119gnacji przemyj masa\u017cer wilgotn\u0105 \u015bciereczkom, a nast\u0119pnie przetrzyj do sucha.<br \/>\n<strong>Przechowywanie<\/strong><br \/>\nZaleca si\u0119 przechowywanie masa\u017cera w do\u0142\u0105czonym woreczku w ciemnym miejscu lub w lod\u00f3wce dla spot\u0119gowania dzia\u0142ania ch\u0142odu.<br \/>\n<strong>Dodatkowe informacje<br \/>\n<\/strong>Do produkcji masa\u017cera u\u017cyty zosta\u0142 naturalny materia\u0142 dlatego wygl\u0105d kt\u00f3ry przypomina zamarzni\u0119te krople wody jest czym\u015b naturalnym i nie wp\u0142ywa na jako\u015b\u0107.<\/p>\n","protected":false},"excerpt":{"rendered":"<p><strong>Sodalit &#8211; naturalny wzmacniacz<\/strong><br \/>\n&#8211; sprzyja logicznemu my\u015bleniu<br \/>\n&#8211; masa\u017cer wykonany zosta\u0142 z naturalnego kamienia a nast\u0119pnie obrobiony r\u0119cznie<br \/>\n&#8211; prosta r\u0105czka idealnie le\u017cy w d\u0142oni<br \/>\n&#8211; roller zako\u0144czony miedzianymi ko\u0144c\u00f3wkami w kolorze r\u00f3\u017cowego z\u0142ota<br \/>\n\u2013 do masa\u017cera Alaya Stone do\u0142\u0105czony zostanie elegancji woreczek oraz instrukcj\u0119 obs\u0142ugi<br \/>\n\u2013 wi\u0119cej informacji jak wykorzysta\u0107 nasz masa\u017cer do twarzy znajdziesz na Instagramie Alaya Stone<\/p>\n","protected":false},"featured_media":34,"comment_status":"open","ping_status":"closed","template":"","meta":[],"class_list":["post-33","product","type-product","status-publish","has-post-thumbnail","hentry","product_cat-masazery-do-twarzy","product_tag-masazer","product_tag-masazer-do-twarzy","product_tag-roller","product_tag-sodalit","product_tag-waleczek"],"_links":{"self":[{"href":"https:\/\/wp.kista.pl\/index.php\/wp-json\/wp\/v2\/product\/33","targetHints":{"allow":["GET"]}}],"collection":[{"href":"https:\/\/wp.kista.pl\/index.php\/wp-json\/wp\/v2\/product"}],"about":[{"href":"https:\/\/wp.kista.pl\/index.php\/wp-json\/wp\/v2\/types\/product"}],"replies":[{"embeddable":true,"href":"https:\/\/wp.kista.pl\/index.php\/wp-json\/wp\/v2\/comments?post=33"}],"wp:featuredmedia":[{"embeddable":true,"href":"https:\/\/wp.kista.pl\/index.php\/wp-json\/wp\/v2\/media\/34"}],"wp:attachment":[{"href":"https:\/\/wp.kista.pl\/index.php\/wp-json\/wp\/v2\/media?parent=33"}],"curies":[{"name":"wp","href":"https:\/\/api.w.org\/{rel}","templated":true}]}}