{"id":27,"date":"2021-10-15T13:26:37","date_gmt":"2021-10-15T11:26:37","guid":{"rendered":"https:\/\/wp.kista.pl\/?post_type=product&#038;p=27"},"modified":"2022-09-12T15:51:02","modified_gmt":"2022-09-12T13:51:02","slug":"roller-z-opalu-alaya-stone","status":"publish","type":"product","link":"https:\/\/wp.kista.pl\/index.php\/produkt\/roller-z-opalu-alaya-stone\/","title":{"rendered":"Roller z opalitu Alaya Stone"},"content":{"rendered":"<p>T\u0119cza zakl\u0119ta w ma\u0142ym rollerze, opalit to jeden z tych kamieni syntetycznych kt\u00f3ry niezwykle cieszy oczy. Energia tego kamienia zach\u0119ca do wyra\u017cania pozytywnych emocji, z takim nastrojem ch\u0119tniej wykonasz swoje wieczorne b\u0105d\u017a poranne rytua\u0142y. Przy\u0142\u00f3\u017c do twarzy ch\u0142odn\u0105 pow\u0142ok\u0119 rollera, masuj\u0105c wyobra\u017a sobie jak moc opalu przenika w Twoj\u0105 sk\u00f3r\u0119 i w\u0119druje po ciele tak aby\u015b mog\u0142a uzmys\u0142owi\u0107 sobie, \u017ce wszystko co robisz jest ze sob\u0105 powi\u0105zane. Jak karma. 5, 10 min kt\u00f3re po\u015bwi\u0119cisz wr\u00f3ci do Ciebie zwielokrotnione, b\u0119dziesz mog\u0142a cieszy\u0107 si\u0119 j\u0119drn\u0105 sk\u00f3r\u0105, zmniejszysz widoczno\u015b\u0107 zmarszczek, ukoisz napi\u0119cie pomi\u0119dzy brwiami, wystarczy, \u017ce b\u0119dziesz dla siebie przyjaci\u00f3\u0142k\u0105 i po\u015bwi\u0119cisz chwil\u0119 by poby\u0107 sama ze sob\u0105. Tak jak ka\u017cdy na nas opalit posiada w sobie kruch\u0105 stron\u0119 dlatego obchod\u017a si\u0119 z nim delikatnie a odwdzi\u0119czy Ci si\u0119 wzmacniaj\u0105c Twoje poczucie w\u0142asnej warto\u015bci.<\/p>\n<p><strong>Dzia\u0142anie:<br \/>\n<\/strong>* zmniejsza obrz\u0119ki<strong><br \/>\n<\/strong>* minimalizuje cienie pod oczami<strong><br \/>\n<\/strong>* sp\u0142yca zmarszczki<strong><br \/>\n<\/strong>* wspomaga wnikanie sk\u0142adnik\u00f3w aktywnych z kosmetyk\u00f3w<br \/>\n* wspomaga przep\u0142yw limfy<br \/>\n* relaksuje napi\u0119cie nagromadzone po ca\u0142ym dniu<\/p>\n<p><strong>kamie\u0144: <\/strong>korony<br \/>\n<strong>kolor: <\/strong>bezbarwny z l\u015bni\u0105c\u0105 po\u015bwiat\u0105<br \/>\n<strong>znak zodiaku: <\/strong>Rak, Skorpion, Strzelec, Kozioro\u017cec<br \/>\n<strong>wymiary masa\u017cera:<\/strong> 15,5 cm wysoko\u015bci na 5,5 cm szeroko\u015bci<br \/>\n<strong>waga:<\/strong> 250 gram<\/p>\n<p><strong>Spos\u00f3b u\u017cycia<\/strong><br \/>\nMasa\u017c mo\u017cesz wykona\u0107 na oczyszczonej twarzy lub na\u0142o\u017cy\u0107 ulubiony olejek b\u0105d\u017a mask\u0119 w p\u0142achcie, nast\u0119pnie wykonaj masa\u017c zaczynaj\u0105c od wn\u0119trza twarzy kieruj\u0105c si\u0119 do zewn\u0119trznej cz\u0119\u015bci, czo\u0142o mo\u017cesz masowa\u0107 od \u015brodka do zewn\u0105trz natomiast szyje z g\u00f3ry na d\u00f3\u0142. Do zam\u00f3wienia otrzymasz instrukcj\u0119 obs\u0142ugi z kt\u00f3rej zawsze mo\u017cesz korzysta\u0107. Dodatkowe ukojenie uzyskasz podczas masa\u017cu zimnym kamieniem, aby to osi\u0105gn\u0105\u0107 w\u0142\u00f3\u017c masa\u017cer do lod\u00f3wki lub zawsze trzymaj go w ch\u0142odnym miejscu, nie b\u0119dziesz musia\u0142a pami\u0119ta\u0107 o sch\u0142odzeniu rollera gdy zapragniesz go u\u017cy\u0107. Pami\u0119taj aby dba\u0107 o higien\u0119 swojego masa\u017cera. Po piel\u0119gnacji przemyj masa\u017cer wilgotn\u0105 \u015bciereczkom, a nast\u0119pnie przetrzyj do sucha.<br \/>\n<strong>Przechowywanie<\/strong><br \/>\nZaleca si\u0119 przechowywanie masa\u017cera w do\u0142\u0105czonym woreczku w ciemnym miejscu lub w lod\u00f3wce dla spot\u0119gowania dzia\u0142ania ch\u0142odu.<br \/>\n<strong>Dodatkowe informacje<br \/>\n<\/strong><\/p>\n","protected":false},"excerpt":{"rendered":"<p><strong>Opalit &#8211; jego drugie imi\u0119 to przyja\u017a\u0144, mi\u0142o\u015b\u0107 i lojalno\u015b\u0107<\/strong><br \/>\n&#8211; ten nieszlachetny kamie\u0144 charakteryzuje niezwyk\u0142a gra barw<br \/>\n&#8211; zaokr\u0105glona r\u0105czka idealnie dopasowuje si\u0119 do d\u0142oni<br \/>\n&#8211; roller zako\u0144czony miedzianymi ko\u0144c\u00f3wkami w kolorze r\u00f3\u017cowego z\u0142ota<br \/>\n\u2013 do masa\u017cera Alaya Stone do\u0142\u0105czony zostanie elegancji woreczek oraz instrukcj\u0119 obs\u0142ugi<br \/>\n\u2013 wi\u0119cej informacji jak wykorzysta\u0107 nasz masa\u017cer do twarzy znajdziesz na Instagramie Alaya Stone<\/p>\n","protected":false},"featured_media":28,"comment_status":"open","ping_status":"closed","template":"","meta":[],"class_list":["post-27","product","type-product","status-publish","has-post-thumbnail","hentry","product_cat-masazery-do-twarzy","product_tag-masazer","product_tag-masazer-do-twarzy","product_tag-opal","product_tag-opalit","product_tag-roller","product_tag-waleczek","product_tag-waleczek-do-masazu"],"_links":{"self":[{"href":"https:\/\/wp.kista.pl\/index.php\/wp-json\/wp\/v2\/product\/27","targetHints":{"allow":["GET"]}}],"collection":[{"href":"https:\/\/wp.kista.pl\/index.php\/wp-json\/wp\/v2\/product"}],"about":[{"href":"https:\/\/wp.kista.pl\/index.php\/wp-json\/wp\/v2\/types\/product"}],"replies":[{"embeddable":true,"href":"https:\/\/wp.kista.pl\/index.php\/wp-json\/wp\/v2\/comments?post=27"}],"wp:featuredmedia":[{"embeddable":true,"href":"https:\/\/wp.kista.pl\/index.php\/wp-json\/wp\/v2\/media\/28"}],"wp:attachment":[{"href":"https:\/\/wp.kista.pl\/index.php\/wp-json\/wp\/v2\/media?parent=27"}],"curies":[{"name":"wp","href":"https:\/\/api.w.org\/{rel}","templated":true}]}}