{"id":24,"date":"2021-10-14T14:18:23","date_gmt":"2021-10-14T12:18:23","guid":{"rendered":"https:\/\/wp.kista.pl\/?post_type=product&#038;p=24"},"modified":"2022-09-12T17:37:30","modified_gmt":"2022-09-12T15:37:30","slug":"roller-z-czarnego-obsydianu-alaya-stone","status":"publish","type":"product","link":"https:\/\/wp.kista.pl\/index.php\/produkt\/roller-z-czarnego-obsydianu-alaya-stone\/","title":{"rendered":"Roller z czarnego obsydianu Alaya Stone"},"content":{"rendered":"<p>Przed wiekami obsydian u\u017cywany by\u0142 przez wojownik\u00f3w, dzi\u015b ta zastyg\u0142a magma jest naszym stra\u017cnikiem kt\u00f3ry odpycha negatywne my\u015bli walcz\u0105c z wewn\u0119trznymi ograniczeniami. Obsydian zawiera w sobie najwi\u0119cej mocy z po\u015br\u00f3d kryszta\u0142\u00f3w o ciemnej barwie poniewa\u017c \u0142\u0105czy trzy si\u0142y: si\u0142\u0119 ognia, wody i ziemi. Jego naturalne ciep\u0142o pomo\u017ce Ci udro\u017cni\u0107 przep\u0142yw limfy kt\u00f3ry pomaga podczas porannej opuchlizny. Mniejszy wa\u0142eczek szczeg\u00f3lnie polecany do masa\u017cu okolic oka. Cz\u0119ste u\u017cywanie masa\u017cera z obsydianu pomo\u017ce w uzyskaniu j\u0119drnej sk\u00f3ry a dotykaj\u0105c go wzmocnisz \u015bwiadomo\u015b\u0107 swojej osoby poprzez akceptacje i zadowolenie z swojego odbicia w lustrze (fun fact: obsydian u\u017cywany by\u0142 do produkcji zwierciade\u0142 wi\u0119c mo\u017ce dojrzysz swoje odbicie w jego tafli)<\/p>\n<p><strong>Dzia\u0142anie:<br \/>\n<\/strong>* zmniejsza opuchlizn\u0119 i cienie pod oczami<strong><br \/>\n<\/strong>* wspomaga wnikanie sk\u0142adnik\u00f3w aktywnych z kosmetyk\u00f3w<br \/>\n* wspomaga przep\u0142yw limfy<br \/>\n* uj\u0119drnia<br \/>\n* relaksuje<br \/>\n* koi podra\u017cnienia<\/p>\n<p><strong>kamie\u0144:<\/strong> podstawy<br \/>\n<strong>kolor:<\/strong> czarny obsydian<br \/>\n<strong>znak zodiaku: <\/strong>skorpion, kozioro\u017cec<br \/>\n<strong>wymiary masa\u017cera:<\/strong> 15,5 cm wysoko\u015bci na 5,5 cm szeroko\u015bci<br \/>\n<strong>waga:<\/strong> 250 gram<\/p>\n<p><strong>Spos\u00f3b u\u017cycia<\/strong><br \/>\nMasa\u017c mo\u017cesz wykona\u0107 na oczyszczonej twarzy lub na\u0142o\u017cy\u0107 ulubiony olejek b\u0105d\u017a mask\u0119 w p\u0142achcie, nast\u0119pnie wykonaj masa\u017c zaczynaj\u0105c od wn\u0119trza twarzy kieruj\u0105c si\u0119 do zewn\u0119trznej cz\u0119\u015bci, czo\u0142o mo\u017cesz masowa\u0107 od \u015brodka do zewn\u0105trz natomiast szyje z g\u00f3ry na d\u00f3\u0142. Do zam\u00f3wienia otrzymasz instrukcj\u0119 obs\u0142ugi z kt\u00f3rej zawsze mo\u017cesz korzysta\u0107. Dodatkowe ukojenie uzyskasz podczas masa\u017cu zimnym kamieniem, aby to osi\u0105gn\u0105\u0107 w\u0142\u00f3\u017c masa\u017cer do lod\u00f3wki lub zawsze trzymaj go w ch\u0142odnym miejscu, nie b\u0119dziesz musia\u0142a pami\u0119ta\u0107 o sch\u0142odzeniu rollera dzi\u0119ki temu u\u017cyjesz go w chwili gdy tego zapragniesz. Pami\u0119taj aby dba\u0107 o higien\u0119 swojego masa\u017cera. Po piel\u0119gnacji przemyj masa\u017cer wilgotn\u0105 \u015bciereczkom lub pod bie\u017c\u0105c\u0105 wod\u0105 jednak nie nara\u017caj metalowej cz\u0119\u015bci na wilgo\u0107, a nast\u0119pnie przetrzyj do sucha.<br \/>\n<strong>Przechowywanie<\/strong><br \/>\nZaleca si\u0119 przechowywanie masa\u017cera w ciemnym miejscu lub w lod\u00f3wce dla spot\u0119gowania dzia\u0142ania, zach\u0119camy przechowywa\u0107 w do\u0142\u0105czonym woreczku.<br \/>\n<strong>Dodatkowe informacje<\/strong><br \/>\nObsydian jest delikatnym mineraloidem.<\/p>\n","protected":false},"excerpt":{"rendered":"<p><strong>Obsydian &#8211; pomoc w zrozumieniu my\u015bli<\/strong><br \/>\n&#8211; stworzony z zastygni\u0119tej lawy<br \/>\n&#8211; szklisty po\u0142ysk jest charakterystyczny dla tego rodzaju mineraloidu<br \/>\n&#8211; ametystowy masa\u017cer wykonany zosta\u0142 z naturalnego kamienia o nietuzinkowym kolorze a nast\u0119pnie obrobiony r\u0119cznie<br \/>\n&#8211; prosta r\u0105czka idealnie le\u017cy w d\u0142oni<br \/>\n&#8211; roller zako\u0144czony miedzianymi ko\u0144c\u00f3wkami w kolorze z\u0142ota<br \/>\n\u2013 do masa\u017cera Alaya Stone do\u0142\u0105czony zostanie elegancji woreczek oraz instrukcj\u0119 obs\u0142ugi<br \/>\n\u2013 wi\u0119cej informacji jak wykorzysta\u0107 nasz masa\u017cer do twarzy znajdziesz na Instagramie Alaya Stone<\/p>\n","protected":false},"featured_media":25,"comment_status":"open","ping_status":"closed","template":"","meta":[],"class_list":["post-24","product","type-product","status-publish","has-post-thumbnail","hentry","product_cat-masazery-do-twarzy","product_tag-masazer","product_tag-masazer-do-twarzy","product_tag-obsidian-roller","product_tag-obsydian","product_tag-roller","product_tag-waleczek","product_tag-waleczek-do-masazu"],"_links":{"self":[{"href":"https:\/\/wp.kista.pl\/index.php\/wp-json\/wp\/v2\/product\/24","targetHints":{"allow":["GET"]}}],"collection":[{"href":"https:\/\/wp.kista.pl\/index.php\/wp-json\/wp\/v2\/product"}],"about":[{"href":"https:\/\/wp.kista.pl\/index.php\/wp-json\/wp\/v2\/types\/product"}],"replies":[{"embeddable":true,"href":"https:\/\/wp.kista.pl\/index.php\/wp-json\/wp\/v2\/comments?post=24"}],"wp:featuredmedia":[{"embeddable":true,"href":"https:\/\/wp.kista.pl\/index.php\/wp-json\/wp\/v2\/media\/25"}],"wp:attachment":[{"href":"https:\/\/wp.kista.pl\/index.php\/wp-json\/wp\/v2\/media?parent=24"}],"curies":[{"name":"wp","href":"https:\/\/api.w.org\/{rel}","templated":true}]}}