{"id":18,"date":"2021-06-25T13:28:10","date_gmt":"2021-06-25T11:28:10","guid":{"rendered":"https:\/\/wp.kista.pl\/?post_type=product&#038;p=18"},"modified":"2022-09-12T16:10:20","modified_gmt":"2022-09-12T14:10:20","slug":"roller-jadeitowy-alaya-stone","status":"publish","type":"product","link":"https:\/\/wp.kista.pl\/index.php\/produkt\/roller-jadeitowy-alaya-stone\/","title":{"rendered":"Roller jadeitowy Alaya Stone"},"content":{"rendered":"<p>M\u00f3wi si\u0119, \u017ce kamie\u0144 wykonany z tego zielonkawego materia\u0142u posiada w sobie ogromne pok\u0142ady energii, wszystko to dlatego, \u017ce zanim ziemia go ukszta\u0142tuje, oddzia\u0142uje na niego wysokie ci\u015bnienie. U\u017cywaj\u0105c go wa\u017cne jest aby\u015b skupi\u0142a si\u0119 przez t\u0105 kr\u00f3tk\u0105 chwile na sobie i po\u0142\u0105czy\u0142a zewn\u0119trze doznania ze swoim wn\u0119trzem. Nie tylko ukoisz nerwy ale sp\u0119dzisz czas z sam\u0105 sob\u0105 w harmonii z cia\u0142em i duszom. Jadeitowy masa\u017cer sprzyja g\u0142\u0119bokiemu i spokojnemu snu, u\u017cyj go tu\u017c przed p\u00f3j\u015bciem do \u0142\u00f3\u017cka, po\u0142\u00f3\u017c na szafk\u0119 nocn\u0105 b\u0105d\u017a obok \u0142\u00f3\u017cka i niech otuli Ci\u0119 przyjemny sen.\u00a0 Roller od Alaya Stone redukuje opuchlizn\u0119, relaksuje, sp\u0142yca drobne zmarszczki, przydatny przy skurczach np. n\u00f3g (bo kto powiedzia\u0142, \u017ce mo\u017cesz nim masowa\u0107 tylko twarz). Psyt, zdradz\u0119 Ci sekret&#8230; Jadeit nazywany jest kamieniem p\u0142odno\u015bci a \u015bwie\u017co upieczone mamy dzi\u0119ki niemu staj\u0105 si\u0119 spokojniejsze. Cudownie, prawda?<br \/>\n<strong>kamie\u0144:<\/strong> serca<br \/>\n<strong>kolor:<\/strong> jadeit zielony<br \/>\n<strong>znak zodiaku:<\/strong> Baran, Rak, Waga, Ryby<br \/>\n<strong>wymiary masa\u017cera:<\/strong> 15,5 cm wysoko\u015bci na 5,5 cm szeroko\u015bci<br \/>\n<strong>waga:<\/strong> 250 gram<\/p>\n<p><strong>Spos\u00f3b u\u017cycia<\/strong><br \/>\nMasa\u017c mo\u017cesz wykona\u0107 na oczyszczonej twarzy lub na\u0142o\u017cy\u0107 ulubiony olejek b\u0105d\u017a mask\u0119 w p\u0142achcie, nast\u0119pnie wykonaj masa\u017c zaczynaj\u0105c od wn\u0119trza twarzy kieruj\u0105c si\u0119 do zewn\u0119trznej cz\u0119\u015bci, do zam\u00f3wienia otrzymasz instrukcj\u0119 obs\u0142ugi z kt\u00f3rej zawsze mo\u017cesz korzysta\u0107. Dodatkowe ukojenie uzyskasz podczas masa\u017cu zimnym kamieniem, aby to osi\u0105gn\u0105\u0107 w\u0142\u00f3\u017c masa\u017cer do lod\u00f3wki lub zawsze go trzymaj w ch\u0142odnym miejscu, nie b\u0119dziesz musia\u0142a pami\u0119ta\u0107 o sch\u0142odzeniu rollera dzi\u0119ki temu u\u017cyjesz go w chwili gdy tego zapragniesz. Po piel\u0119gnacji przemyj masa\u017cer wilgotn\u0105 \u015bciereczkom, a nast\u0119pnie przetrzyj do sucha. Pami\u0119taj aby da\u0107 o higien\u0119 swojego masa\u017cera.<br \/>\n<strong>Przechowywanie<\/strong><br \/>\nZaleca si\u0119 przechowywanie masa\u017cera w ciemnym miejscu lub w lod\u00f3wce dla spot\u0119gowania dzia\u0142ania, zach\u0119camy przechowywa\u0107 w do\u0142\u0105czonym woreczku.<br \/>\n<strong>Dodatkowe informacje<\/strong><br \/>\nRollery wykonane s\u0105 z naturalnego kamienia dlatego kolory mog\u0105 si\u0119 od siebie r\u00f3\u017cnic. Zapewniamy jednak, \u017ce ka\u017cdy produkt zostaje przez nas sprawdzony.<\/p>\n","protected":false},"excerpt":{"rendered":"<p><strong>Jadeit &#8211; kamie\u0144 m\u0105dro\u015bci, p\u0142odno\u015bci, w\u0142adzy i r\u00f3wnowagi<\/strong><br \/>\n&#8211; zielony kolor koi zmys\u0142y<br \/>\n\u2013 masa\u017cer wykonany zosta\u0142 z naturalnego kamienia a nast\u0119pnie obrobiony r\u0119cznie<br \/>\n\u2013 przyjemnie zaokr\u0105glona r\u0105czka idealnie le\u017cy w d\u0142oni<br \/>\n\u2013 roller zako\u0144czony miedzianymi ko\u0144c\u00f3wkami w kolorze r\u00f3\u017cowego z\u0142ota<br \/>\n\u2013 do masa\u017cera Alaya Stone do\u0142\u0105czony zostanie elegancji woreczek oraz instrukcj\u0119 obs\u0142ugi<br \/>\n\u2013 wi\u0119cej informacji jak wykorzysta\u0107 nasz masa\u017cer do twarzy znajdziesz na Instagramie Alaya Stone<\/p>\n","protected":false},"featured_media":19,"comment_status":"open","ping_status":"closed","template":"","meta":[],"class_list":["post-18","product","type-product","status-publish","has-post-thumbnail","hentry","product_cat-masazery-do-twarzy","product_tag-jadeit","product_tag-kamien","product_tag-masazer","product_tag-masazer-do-twarzy","product_tag-roller"],"_links":{"self":[{"href":"https:\/\/wp.kista.pl\/index.php\/wp-json\/wp\/v2\/product\/18","targetHints":{"allow":["GET"]}}],"collection":[{"href":"https:\/\/wp.kista.pl\/index.php\/wp-json\/wp\/v2\/product"}],"about":[{"href":"https:\/\/wp.kista.pl\/index.php\/wp-json\/wp\/v2\/types\/product"}],"replies":[{"embeddable":true,"href":"https:\/\/wp.kista.pl\/index.php\/wp-json\/wp\/v2\/comments?post=18"}],"wp:featuredmedia":[{"embeddable":true,"href":"https:\/\/wp.kista.pl\/index.php\/wp-json\/wp\/v2\/media\/19"}],"wp:attachment":[{"href":"https:\/\/wp.kista.pl\/index.php\/wp-json\/wp\/v2\/media?parent=18"}],"curies":[{"name":"wp","href":"https:\/\/api.w.org\/{rel}","templated":true}]}}