{"id":15,"date":"2021-06-23T13:06:04","date_gmt":"2021-06-23T11:06:04","guid":{"rendered":"https:\/\/wp.kista.pl\/?post_type=product&#038;p=15"},"modified":"2022-09-12T16:08:42","modified_gmt":"2022-09-12T14:08:42","slug":"roller-testowy","status":"publish","type":"product","link":"https:\/\/wp.kista.pl\/index.php\/produkt\/roller-testowy\/","title":{"rendered":"Roller z kwarcu r\u00f3\u017cowego Alaya Stone"},"content":{"rendered":"<p>Sp\u00f3jrz na delikatn\u0105 r\u00f3\u017cow\u0105 barw\u0119 masa\u017cera kt\u00f3ra koi zmys\u0142y, we\u017a go w d\u0142o\u0144 i pozw\u00f3l aby przez Twoje cia\u0142o przep\u0142yn\u0119\u0142a pozytywna energia r\u00f3\u017cowego kwarcu. Zamknij oczy i skup si\u0119 na czystym uczuciu kt\u00f3re Ci towarzyszy, to idealny moment aby zadba\u0107 o siebie. Masa\u017c rollerem Alaya Stone redukuje opuchlizn\u0119 twarzy, w upalne dni idealnie ukoi, przy regularnym u\u017cywaniu redukuje drobne zmarszczki, mniejsza ko\u0144c\u00f3wka nadaje si\u0119 do masa\u017cu okolic oczu. R\u00f3\u017cowy kwarc znany jest r\u00f3wnie\u017c z w\u0142a\u015bciwo\u015bci \u0142agodz\u0105cych niepok\u00f3j i zmniejszaj\u0105cych stres.<br \/>\n<strong>kamie\u0144:<\/strong> serca<br \/>\n<strong>kolor:<\/strong> r\u00f3\u017cowy kwarc<br \/>\n<strong>znak zodiaku:<\/strong> Byk, Kozioro\u017cec, Waga<br \/>\n<strong>wymiary masa\u017cera:<\/strong> 15,5 cm wysoko\u015bci na 5,5 cm szeroko\u015bci<br \/>\n<strong>waga:<\/strong> 250 gram<\/p>\n<p><strong>Spos\u00f3b u\u017cycia<\/strong><br \/>\nNa oczyszczon\u0105 sk\u00f3r\u0119 twarzy na\u0142\u00f3\u017c ulubiony olejek lub mask\u0119 w p\u0142achcie, nast\u0119pnie wykonaj masa\u017c wed\u0142ug do\u0142\u0105czonej instrukcji. Dodatkowe ukojenie uzyskasz podczas masa\u017cu zimnym kamieniem, aby to osi\u0105gn\u0105\u0107 w\u0142\u00f3\u017c masa\u017cer do lod\u00f3wki lub zawsze go trzymaj w ch\u0142odnym miejscu, nie b\u0119dziesz musia\u0142a pami\u0119ta\u0107 o sch\u0142odzeniu rollera dzi\u0119ki temu u\u017cyjesz go w chwili gdy tego zapragniesz. Po piel\u0119gnacji przemyj masa\u017cer pod bie\u017c\u0105c\u0105 wod\u0105, a nast\u0119pnie przetrzyj do sucha.<br \/>\n<strong>Przechowywanie<\/strong><br \/>\nZaleca si\u0119 przechowywanie masa\u017cera w ciemnym miejscu lub w lod\u00f3wce dla spot\u0119gowania dzia\u0142ania, zach\u0119camy przechowywa\u0107 w do\u0142\u0105czonym woreczku.<br \/>\n<strong>Dodatkowe informacje<\/strong><br \/>\nRollery wykonane s\u0105 z naturalnego kamienia dlatego kolory mog\u0105 si\u0119 od siebie r\u00f3\u017cnic. Zapewniamy jednak, \u017ce ka\u017cdy produkt zostaje przez nas sprawdzony.<\/p>\n","protected":false},"excerpt":{"rendered":"<p><strong>Kwarc r\u00f3\u017cowy &#8211; uczy mi\u0142o\u015bci do samej siebie #selflove<\/strong><br \/>\n&#8211; to nie tylko kamie\u0144 mi\u0142o\u015bci, kwarc r\u00f3\u017cowy jest r\u00f3wnie\u017c znany jako &#8222;kamie\u0144 artyst\u00f3w&#8221; kt\u00f3ry otwiera na tw\u00f3rcze my\u015blenie, pomaga ch\u0142on\u0105\u0107 inspiracj\u0119<br \/>\n&#8211; masa\u017cer wykonany zosta\u0142\u00a0 z naturalnego kamienia a nast\u0119pnie obrobiony r\u0119cznie<br \/>\n&#8211; przyjemnie zaokr\u0105glona r\u0105czka idealnie le\u017cy w d\u0142oni<br \/>\n&#8211; roller zako\u0144czony miedzianymi ko\u0144c\u00f3wkami w kolorze r\u00f3\u017cowego z\u0142ota<br \/>\n&#8211; do masa\u017cera Alaya Stone do\u0142\u0105czony zostanie elegancji woreczek oraz instrukcj\u0119 obs\u0142ugi<br \/>\n&#8211; wi\u0119cej informacji jak wykorzysta\u0107 nasz masa\u017cer do twarzy znajdziesz na Instagramie Alaya Stone<\/p>\n","protected":false},"featured_media":16,"comment_status":"open","ping_status":"closed","template":"","meta":[],"class_list":["post-15","product","type-product","status-publish","has-post-thumbnail","hentry","product_cat-masazery-do-twarzy","product_tag-jade-roller","product_tag-kwarc-rozowy","product_tag-masazer","product_tag-roller"],"_links":{"self":[{"href":"https:\/\/wp.kista.pl\/index.php\/wp-json\/wp\/v2\/product\/15","targetHints":{"allow":["GET"]}}],"collection":[{"href":"https:\/\/wp.kista.pl\/index.php\/wp-json\/wp\/v2\/product"}],"about":[{"href":"https:\/\/wp.kista.pl\/index.php\/wp-json\/wp\/v2\/types\/product"}],"replies":[{"embeddable":true,"href":"https:\/\/wp.kista.pl\/index.php\/wp-json\/wp\/v2\/comments?post=15"}],"wp:featuredmedia":[{"embeddable":true,"href":"https:\/\/wp.kista.pl\/index.php\/wp-json\/wp\/v2\/media\/16"}],"wp:attachment":[{"href":"https:\/\/wp.kista.pl\/index.php\/wp-json\/wp\/v2\/media?parent=15"}],"curies":[{"name":"wp","href":"https:\/\/api.w.org\/{rel}","templated":true}]}}